{"id":6166,"date":"2021-01-29T19:25:47","date_gmt":"2021-01-29T18:25:47","guid":{"rendered":"http:\/\/brasseriedescarrieres.be\/?page_id=6166"},"modified":"2021-11-05T09:19:05","modified_gmt":"2021-11-05T08:19:05","slug":"telechargements","status":"publish","type":"page","link":"https:\/\/brasseriedescarrieres.be\/en\/telechargements\/","title":{"rendered":"Downloads"},"content":{"rendered":"<div id=\"fws_69f50de2602a5\"  data-column-margin=\"default\" data-midnight=\"dark\" data-top-percent=\"6%\" data-bottom-percent=\"6%\"  class=\"wpb_row vc_row-fluid vc_row full-width-section  vc_row-o-equal-height vc_row-flex  vc_row-o-content-middle\"  style=\"padding-top: calc(100vw * 0.06); padding-bottom: calc(100vw * 0.06); \"><div class=\"row-bg-wrap\" data-bg-animation=\"none\" data-bg-overlay=\"true\"><div class=\"inner-wrap using-image\"><div class=\"row-bg using-image\"  style=\"background-image: url(https:\/\/brasseriedescarrieres.be\/wp-content\/uploads\/2021\/04\/Bouteilles-decor-39-copie-1-scaled.jpg); background-position: center center; background-repeat: no-repeat; \"><\/div><\/div><div class=\"row-bg-overlay\" style=\"background-color:#ddd5c1;  opacity: 0.8; \"><\/div><\/div><div class=\"row_col_wrap_12 col span_12 dark left\">\n\t<div  class=\"vc_col-sm-12 wpb_column column_container vc_column_container col no-extra-padding inherit_tablet inherit_phone\"  data-padding-pos=\"right\" data-has-bg-color=\"false\" data-bg-color=\"\" data-bg-opacity=\"1\" data-animation=\"\" data-delay=\"0\" >\n\t\t<div class=\"vc_column-inner\" >\n\t\t\t<div class=\"wpb_wrapper\">\n\t\t\t\t<div id=\"fws_69f50de26155d\" data-midnight=\"\" data-column-margin=\"default\" class=\"wpb_row vc_row-fluid vc_row inner_row\"  style=\"padding-bottom: 2%; \"><div class=\"row-bg-wrap\"> <div class=\"row-bg\" ><\/div> <\/div><div class=\"row_col_wrap_12_inner col span_12  left\">\n\t<div  class=\"vc_col-sm-12 wpb_column column_container vc_column_container col child_column centered-text no-extra-padding inherit_tablet inherit_phone\"   data-padding-pos=\"all\" data-has-bg-color=\"false\" data-bg-color=\"\" data-bg-opacity=\"1\" data-animation=\"\" data-delay=\"0\">\n\t\t<div class=\"vc_column-inner\" >\n\t\t<div class=\"wpb_wrapper\">\n\t\t\t<div class=\"nectar-split-heading\" data-align=\"default\" data-m-align=\"inherit\" data-animation-type=\"twist-in\" data-animation-delay=\"0\" data-m-rm-animation=\"\" data-stagger=\"\" data-custom-font-size=\"false\" ><h2 style=\" color: #565656;\">Download our visuals<\/h2><\/div>\n\t\t<\/div> \n\t<\/div>\n\t<\/div> \n<\/div><\/div><div id=\"fws_69f50de2624d5\" data-midnight=\"\" data-column-margin=\"default\" class=\"wpb_row vc_row-fluid vc_row inner_row  vc_row-o-content-middle  vc_custom_1636099198206  right_padding_20px left_padding_20px\"  style=\"padding-top: 20px; padding-bottom: 20px; \"><div class=\"row-bg-wrap\"> <div class=\"row-bg\" ><\/div> <\/div><div class=\"row_col_wrap_12_inner col span_12  left\">\n\t<div  class=\"vc_col-sm-3 wpb_column column_container vc_column_container col child_column no-extra-padding inherit_tablet inherit_phone\"   data-padding-pos=\"all\" data-has-bg-color=\"false\" data-bg-color=\"\" data-bg-opacity=\"1\" data-animation=\"\" data-delay=\"0\">\n\t\t<div class=\"vc_column-inner\" >\n\t\t<div class=\"wpb_wrapper\">\n\t\t\t<div class=\"img-with-aniamtion-wrap center\" data-max-width=\"100%\" data-max-width-mobile=\"default\" data-shadow=\"none\" data-animation=\"fade-in\" >\r\n      <div class=\"inner\">\r\n        <div class=\"hover-wrap\"> \r\n          <div class=\"hover-wrap-inner\">\r\n            <a href=\"https:\/\/brasseriedescarrieres.be\/wp-content\/uploads\/2021\/11\/DIOLE-Mascotte-Black.png\" class=\"pp center\">\r\n              <img loading=\"lazy\" decoding=\"async\" class=\"img-with-animation skip-lazy\" data-delay=\"0\" height=\"1583\" width=\"2362\" data-animation=\"fade-in\" src=\"https:\/\/brasseriedescarrieres.be\/wp-content\/uploads\/2021\/11\/DIOLE-Mascotte-Black.png\" alt=\"\" srcset=\"https:\/\/brasseriedescarrieres.be\/wp-content\/uploads\/2021\/11\/DIOLE-Mascotte-Black.png 2362w, https:\/\/brasseriedescarrieres.be\/wp-content\/uploads\/2021\/11\/DIOLE-Mascotte-Black-300x201.png 300w, https:\/\/brasseriedescarrieres.be\/wp-content\/uploads\/2021\/11\/DIOLE-Mascotte-Black-1024x686.png 1024w, https:\/\/brasseriedescarrieres.be\/wp-content\/uploads\/2021\/11\/DIOLE-Mascotte-Black-768x515.png 768w, https:\/\/brasseriedescarrieres.be\/wp-content\/uploads\/2021\/11\/DIOLE-Mascotte-Black-1536x1029.png 1536w, https:\/\/brasseriedescarrieres.be\/wp-content\/uploads\/2021\/11\/DIOLE-Mascotte-Black-2048x1373.png 2048w, https:\/\/brasseriedescarrieres.be\/wp-content\/uploads\/2021\/11\/DIOLE-Mascotte-Black-900x604.png 900w, https:\/\/brasseriedescarrieres.be\/wp-content\/uploads\/2021\/11\/DIOLE-Mascotte-Black-600x403.png 600w, https:\/\/brasseriedescarrieres.be\/wp-content\/uploads\/2021\/11\/DIOLE-Mascotte-Black-400x269.png 400w\" sizes=\"auto, (min-width: 1450px) 75vw, (min-width: 1000px) 85vw, 100vw\" \/>\r\n            <\/a>\r\n          <\/div>\r\n        <\/div>\r\n      <\/div>\r\n      <\/div><div class=\"img-with-aniamtion-wrap\" data-max-width=\"100%\" data-max-width-mobile=\"default\" data-shadow=\"none\" data-animation=\"fade-in\" >\r\n      <div class=\"inner\">\r\n        <div class=\"hover-wrap\"> \r\n          <div class=\"hover-wrap-inner\">\r\n            <a href=\"https:\/\/brasseriedescarrieres.be\/wp-content\/uploads\/2021\/11\/logo-horiz_2coul-1-1.png\" class=\"pp\">\r\n              <img loading=\"lazy\" decoding=\"async\" class=\"img-with-animation skip-lazy\" data-delay=\"0\" height=\"1181\" width=\"1181\" data-animation=\"fade-in\" src=\"https:\/\/brasseriedescarrieres.be\/wp-content\/uploads\/2021\/11\/logo-horiz_2coul-1-1.png\" alt=\"\" srcset=\"https:\/\/brasseriedescarrieres.be\/wp-content\/uploads\/2021\/11\/logo-horiz_2coul-1-1.png 1181w, https:\/\/brasseriedescarrieres.be\/wp-content\/uploads\/2021\/11\/logo-horiz_2coul-1-1-300x300.png 300w, https:\/\/brasseriedescarrieres.be\/wp-content\/uploads\/2021\/11\/logo-horiz_2coul-1-1-1024x1024.png 1024w, https:\/\/brasseriedescarrieres.be\/wp-content\/uploads\/2021\/11\/logo-horiz_2coul-1-1-150x150.png 150w, https:\/\/brasseriedescarrieres.be\/wp-content\/uploads\/2021\/11\/logo-horiz_2coul-1-1-768x768.png 768w, https:\/\/brasseriedescarrieres.be\/wp-content\/uploads\/2021\/11\/logo-horiz_2coul-1-1-100x100.png 100w, https:\/\/brasseriedescarrieres.be\/wp-content\/uploads\/2021\/11\/logo-horiz_2coul-1-1-140x140.png 140w, https:\/\/brasseriedescarrieres.be\/wp-content\/uploads\/2021\/11\/logo-horiz_2coul-1-1-500x500.png 500w, https:\/\/brasseriedescarrieres.be\/wp-content\/uploads\/2021\/11\/logo-horiz_2coul-1-1-350x350.png 350w, https:\/\/brasseriedescarrieres.be\/wp-content\/uploads\/2021\/11\/logo-horiz_2coul-1-1-1000x1000.png 1000w, https:\/\/brasseriedescarrieres.be\/wp-content\/uploads\/2021\/11\/logo-horiz_2coul-1-1-800x800.png 800w\" sizes=\"auto, (min-width: 1450px) 75vw, (min-width: 1000px) 85vw, 100vw\" \/>\r\n            <\/a>\r\n          <\/div>\r\n        <\/div>\r\n      <\/div>\r\n      <\/div>\n\t\t<\/div> \n\t<\/div>\n\t<\/div> \n\n\t<div  class=\"vc_col-sm-3 wpb_column column_container vc_column_container col child_column no-extra-padding inherit_tablet inherit_phone\"   data-padding-pos=\"all\" data-has-bg-color=\"false\" data-bg-color=\"\" data-bg-opacity=\"1\" data-animation=\"\" data-delay=\"0\">\n\t\t<div class=\"vc_column-inner\" >\n\t\t<div class=\"wpb_wrapper\">\n\t\t\t<div class=\"img-with-aniamtion-wrap center\" data-max-width=\"100%\" data-max-width-mobile=\"default\" data-shadow=\"none\" data-animation=\"fade-in\" >\r\n      <div class=\"inner\">\r\n        <div class=\"hover-wrap\"> \r\n          <div class=\"hover-wrap-inner\">\r\n            <a href=\"https:\/\/brasseriedescarrieres.be\/wp-content\/uploads\/2021\/11\/DIOLE-Mascotte-white-copie.png\" class=\"pp center\">\r\n              <img loading=\"lazy\" decoding=\"async\" class=\"img-with-animation skip-lazy\" data-delay=\"0\" height=\"1583\" width=\"2362\" data-animation=\"fade-in\" src=\"https:\/\/brasseriedescarrieres.be\/wp-content\/uploads\/2021\/11\/DIOLE-Mascotte-white-copie.png\" alt=\"\" srcset=\"https:\/\/brasseriedescarrieres.be\/wp-content\/uploads\/2021\/11\/DIOLE-Mascotte-white-copie.png 2362w, https:\/\/brasseriedescarrieres.be\/wp-content\/uploads\/2021\/11\/DIOLE-Mascotte-white-copie-300x201.png 300w, https:\/\/brasseriedescarrieres.be\/wp-content\/uploads\/2021\/11\/DIOLE-Mascotte-white-copie-1024x686.png 1024w, https:\/\/brasseriedescarrieres.be\/wp-content\/uploads\/2021\/11\/DIOLE-Mascotte-white-copie-768x515.png 768w, https:\/\/brasseriedescarrieres.be\/wp-content\/uploads\/2021\/11\/DIOLE-Mascotte-white-copie-1536x1029.png 1536w, https:\/\/brasseriedescarrieres.be\/wp-content\/uploads\/2021\/11\/DIOLE-Mascotte-white-copie-2048x1373.png 2048w, https:\/\/brasseriedescarrieres.be\/wp-content\/uploads\/2021\/11\/DIOLE-Mascotte-white-copie-900x604.png 900w, https:\/\/brasseriedescarrieres.be\/wp-content\/uploads\/2021\/11\/DIOLE-Mascotte-white-copie-600x403.png 600w, https:\/\/brasseriedescarrieres.be\/wp-content\/uploads\/2021\/11\/DIOLE-Mascotte-white-copie-400x269.png 400w\" sizes=\"auto, (min-width: 1450px) 75vw, (min-width: 1000px) 85vw, 100vw\" \/>\r\n            <\/a>\r\n          <\/div>\r\n        <\/div>\r\n      <\/div>\r\n      <\/div><div class=\"img-with-aniamtion-wrap\" data-max-width=\"100%\" data-max-width-mobile=\"default\" data-shadow=\"none\" data-animation=\"fade-in\" >\r\n      <div class=\"inner\">\r\n        <div class=\"hover-wrap\"> \r\n          <div class=\"hover-wrap-inner\">\r\n            <a href=\"https:\/\/brasseriedescarrieres.be\/wp-content\/uploads\/2021\/11\/blanc.png\" class=\"pp\">\r\n              <img loading=\"lazy\" decoding=\"async\" class=\"img-with-animation skip-lazy  nectar-lazy\" data-delay=\"0\" height=\"1180\" width=\"1180\" data-animation=\"fade-in\" data-nectar-img-src=\"https:\/\/brasseriedescarrieres.be\/wp-content\/uploads\/2021\/11\/blanc.png\" src=\"data:image\/svg+xml;charset=utf-8,%3Csvg%20xmlns%3D'http%3A%2F%2Fwww.w3.org%2F2000%2Fsvg'%20viewBox%3D'0%200%201180%201180'%2F%3E\" alt=\"\" data-nectar-img-srcset=\"https:\/\/brasseriedescarrieres.be\/wp-content\/uploads\/2021\/11\/blanc.png 1180w, https:\/\/brasseriedescarrieres.be\/wp-content\/uploads\/2021\/11\/blanc-300x300.png 300w, https:\/\/brasseriedescarrieres.be\/wp-content\/uploads\/2021\/11\/blanc-1024x1024.png 1024w, https:\/\/brasseriedescarrieres.be\/wp-content\/uploads\/2021\/11\/blanc-150x150.png 150w, https:\/\/brasseriedescarrieres.be\/wp-content\/uploads\/2021\/11\/blanc-768x768.png 768w, https:\/\/brasseriedescarrieres.be\/wp-content\/uploads\/2021\/11\/blanc-100x100.png 100w, https:\/\/brasseriedescarrieres.be\/wp-content\/uploads\/2021\/11\/blanc-140x140.png 140w, https:\/\/brasseriedescarrieres.be\/wp-content\/uploads\/2021\/11\/blanc-500x500.png 500w, https:\/\/brasseriedescarrieres.be\/wp-content\/uploads\/2021\/11\/blanc-350x350.png 350w, https:\/\/brasseriedescarrieres.be\/wp-content\/uploads\/2021\/11\/blanc-1000x1000.png 1000w, https:\/\/brasseriedescarrieres.be\/wp-content\/uploads\/2021\/11\/blanc-800x800.png 800w\" sizes=\"auto, (min-width: 1450px) 75vw, (min-width: 1000px) 85vw, 100vw\" \/>\r\n            <\/a>\r\n          <\/div>\r\n        <\/div>\r\n      <\/div>\r\n      <\/div>\n\t\t<\/div> \n\t<\/div>\n\t<\/div> \n\n\t<div  class=\"vc_col-sm-3 wpb_column column_container vc_column_container col child_column no-extra-padding inherit_tablet inherit_phone\"   data-padding-pos=\"all\" data-has-bg-color=\"false\" data-bg-color=\"\" data-bg-opacity=\"1\" data-animation=\"\" data-delay=\"0\">\n\t\t<div class=\"vc_column-inner\" >\n\t\t<div class=\"wpb_wrapper\">\n\t\t\t<div class=\"img-with-aniamtion-wrap center\" data-max-width=\"100%\" data-max-width-mobile=\"default\" data-shadow=\"none\" data-animation=\"fade-in\" >\r\n      <div class=\"inner\">\r\n        <div class=\"hover-wrap\"> \r\n          <div class=\"hover-wrap-inner\">\r\n            <a href=\"https:\/\/brasseriedescarrieres.be\/wp-content\/uploads\/2021\/11\/mascotte-rouge.png\" class=\"pp center\">\r\n              <img loading=\"lazy\" decoding=\"async\" class=\"img-with-animation skip-lazy  nectar-lazy\" data-delay=\"0\" height=\"1583\" width=\"2362\" data-animation=\"fade-in\" data-nectar-img-src=\"https:\/\/brasseriedescarrieres.be\/wp-content\/uploads\/2021\/11\/mascotte-rouge.png\" src=\"data:image\/svg+xml;charset=utf-8,%3Csvg%20xmlns%3D'http%3A%2F%2Fwww.w3.org%2F2000%2Fsvg'%20viewBox%3D'0%200%202362%201583'%2F%3E\" alt=\"\" data-nectar-img-srcset=\"https:\/\/brasseriedescarrieres.be\/wp-content\/uploads\/2021\/11\/mascotte-rouge.png 2362w, https:\/\/brasseriedescarrieres.be\/wp-content\/uploads\/2021\/11\/mascotte-rouge-300x201.png 300w, https:\/\/brasseriedescarrieres.be\/wp-content\/uploads\/2021\/11\/mascotte-rouge-1024x686.png 1024w, https:\/\/brasseriedescarrieres.be\/wp-content\/uploads\/2021\/11\/mascotte-rouge-768x515.png 768w, https:\/\/brasseriedescarrieres.be\/wp-content\/uploads\/2021\/11\/mascotte-rouge-1536x1029.png 1536w, https:\/\/brasseriedescarrieres.be\/wp-content\/uploads\/2021\/11\/mascotte-rouge-2048x1373.png 2048w, https:\/\/brasseriedescarrieres.be\/wp-content\/uploads\/2021\/11\/mascotte-rouge-900x604.png 900w, https:\/\/brasseriedescarrieres.be\/wp-content\/uploads\/2021\/11\/mascotte-rouge-600x403.png 600w, https:\/\/brasseriedescarrieres.be\/wp-content\/uploads\/2021\/11\/mascotte-rouge-400x269.png 400w\" sizes=\"auto, (min-width: 1450px) 75vw, (min-width: 1000px) 85vw, 100vw\" \/>\r\n            <\/a>\r\n          <\/div>\r\n        <\/div>\r\n      <\/div>\r\n      <\/div><div class=\"img-with-aniamtion-wrap\" data-max-width=\"100%\" data-max-width-mobile=\"default\" data-shadow=\"none\" data-animation=\"fade-in\" >\r\n      <div class=\"inner\">\r\n        <div class=\"hover-wrap\"> \r\n          <div class=\"hover-wrap-inner\">\r\n            <a href=\"https:\/\/brasseriedescarrieres.be\/wp-content\/uploads\/2021\/11\/logo-horiz_red.png\" class=\"pp\">\r\n              <img loading=\"lazy\" decoding=\"async\" class=\"img-with-animation skip-lazy\" data-delay=\"0\" height=\"1181\" width=\"1181\" data-animation=\"fade-in\" src=\"https:\/\/brasseriedescarrieres.be\/wp-content\/uploads\/2021\/11\/logo-horiz_red.png\" alt=\"\" srcset=\"https:\/\/brasseriedescarrieres.be\/wp-content\/uploads\/2021\/11\/logo-horiz_red.png 1181w, https:\/\/brasseriedescarrieres.be\/wp-content\/uploads\/2021\/11\/logo-horiz_red-300x300.png 300w, https:\/\/brasseriedescarrieres.be\/wp-content\/uploads\/2021\/11\/logo-horiz_red-1024x1024.png 1024w, https:\/\/brasseriedescarrieres.be\/wp-content\/uploads\/2021\/11\/logo-horiz_red-150x150.png 150w, https:\/\/brasseriedescarrieres.be\/wp-content\/uploads\/2021\/11\/logo-horiz_red-768x768.png 768w, https:\/\/brasseriedescarrieres.be\/wp-content\/uploads\/2021\/11\/logo-horiz_red-100x100.png 100w, https:\/\/brasseriedescarrieres.be\/wp-content\/uploads\/2021\/11\/logo-horiz_red-140x140.png 140w, https:\/\/brasseriedescarrieres.be\/wp-content\/uploads\/2021\/11\/logo-horiz_red-500x500.png 500w, https:\/\/brasseriedescarrieres.be\/wp-content\/uploads\/2021\/11\/logo-horiz_red-350x350.png 350w, https:\/\/brasseriedescarrieres.be\/wp-content\/uploads\/2021\/11\/logo-horiz_red-1000x1000.png 1000w, https:\/\/brasseriedescarrieres.be\/wp-content\/uploads\/2021\/11\/logo-horiz_red-800x800.png 800w\" sizes=\"auto, (min-width: 1450px) 75vw, (min-width: 1000px) 85vw, 100vw\" \/>\r\n            <\/a>\r\n          <\/div>\r\n        <\/div>\r\n      <\/div>\r\n      <\/div>\n\t\t<\/div> \n\t<\/div>\n\t<\/div> \n\n\t<div  class=\"vc_col-sm-3 wpb_column column_container vc_column_container col child_column no-extra-padding inherit_tablet inherit_phone\"   data-padding-pos=\"all\" data-has-bg-color=\"false\" data-bg-color=\"\" data-bg-opacity=\"1\" data-animation=\"\" data-delay=\"0\">\n\t\t<div class=\"vc_column-inner\" >\n\t\t<div class=\"wpb_wrapper\">\n\t\t\t<div class=\"img-with-aniamtion-wrap center\" data-max-width=\"100%\" data-max-width-mobile=\"default\" data-shadow=\"none\" data-animation=\"fade-in\" >\r\n      <div class=\"inner\">\r\n        <div class=\"hover-wrap\"> \r\n          <div class=\"hover-wrap-inner\">\r\n            <a href=\"https:\/\/brasseriedescarrieres.be\/wp-content\/uploads\/2021\/11\/Logo-BC-fond-blanc.png\" class=\"pp center\">\r\n              <img loading=\"lazy\" decoding=\"async\" class=\"img-with-animation skip-lazy\" data-delay=\"0\" height=\"1307\" width=\"2992\" data-animation=\"fade-in\" src=\"https:\/\/brasseriedescarrieres.be\/wp-content\/uploads\/2021\/11\/Logo-BC-fond-blanc.png\" alt=\"\" srcset=\"https:\/\/brasseriedescarrieres.be\/wp-content\/uploads\/2021\/11\/Logo-BC-fond-blanc.png 2992w, https:\/\/brasseriedescarrieres.be\/wp-content\/uploads\/2021\/11\/Logo-BC-fond-blanc-300x131.png 300w, https:\/\/brasseriedescarrieres.be\/wp-content\/uploads\/2021\/11\/Logo-BC-fond-blanc-1024x447.png 1024w, https:\/\/brasseriedescarrieres.be\/wp-content\/uploads\/2021\/11\/Logo-BC-fond-blanc-768x335.png 768w, https:\/\/brasseriedescarrieres.be\/wp-content\/uploads\/2021\/11\/Logo-BC-fond-blanc-1536x671.png 1536w, https:\/\/brasseriedescarrieres.be\/wp-content\/uploads\/2021\/11\/Logo-BC-fond-blanc-2048x895.png 2048w\" sizes=\"auto, (min-width: 1450px) 75vw, (min-width: 1000px) 85vw, 100vw\" \/>\r\n            <\/a>\r\n          <\/div>\r\n        <\/div>\r\n      <\/div>\r\n      <\/div>\n\t\t<\/div> \n\t<\/div>\n\t<\/div> \n<\/div><\/div><div id=\"fws_69f50de267512\" data-midnight=\"\" data-column-margin=\"default\" class=\"wpb_row vc_row-fluid vc_row inner_row  vc_row-o-content-middle\"  style=\"\"><div class=\"row-bg-wrap\"> <div class=\"row-bg\" ><\/div> <\/div><div class=\"row_col_wrap_12_inner col span_12  center\">\n\t<div  class=\"vc_col-sm-12 wpb_column column_container vc_column_container col child_column no-extra-padding inherit_tablet inherit_phone\"   data-padding-pos=\"all\" data-has-bg-color=\"false\" data-bg-color=\"\" data-bg-opacity=\"1\" data-animation=\"\" data-delay=\"0\">\n\t\t<div class=\"vc_column-inner\" >\n\t\t<div class=\"wpb_wrapper\">\n\t\t\t<a class=\"nectar-button medium regular accent-color has-icon  regular-button\"  style=\"\"  href=\"http:\/\/brasseriedescarrieres.be\/wp-content\/uploads\/2021\/11\/Visuels-Diole.zip\" data-color-override=\"false\" data-hover-color-override=\"false\" data-hover-text-color-override=\"#fff\"><span>Download<\/span><i  class=\"fa fa-arrow-circle-down\"><\/i><\/a>\n\t\t<\/div> \n\t<\/div>\n\t<\/div> \n<\/div><\/div>\n\t\t\t<\/div> \n\t\t<\/div>\n\t<\/div> \n<\/div><\/div>","protected":false},"excerpt":{"rendered":"T\u00e9l\u00e9chargez nos visuels T\u00e9l\u00e9charger","protected":false},"author":2,"featured_media":0,"parent":0,"menu_order":0,"comment_status":"closed","ping_status":"closed","template":"","meta":{"footnotes":""},"class_list":["post-6166","page","type-page","status-publish"],"jetpack_sharing_enabled":true,"_links":{"self":[{"href":"https:\/\/brasseriedescarrieres.be\/en\/wp-json\/wp\/v2\/pages\/6166","targetHints":{"allow":["GET"]}}],"collection":[{"href":"https:\/\/brasseriedescarrieres.be\/en\/wp-json\/wp\/v2\/pages"}],"about":[{"href":"https:\/\/brasseriedescarrieres.be\/en\/wp-json\/wp\/v2\/types\/page"}],"author":[{"embeddable":true,"href":"https:\/\/brasseriedescarrieres.be\/en\/wp-json\/wp\/v2\/users\/2"}],"replies":[{"embeddable":true,"href":"https:\/\/brasseriedescarrieres.be\/en\/wp-json\/wp\/v2\/comments?post=6166"}],"version-history":[{"count":51,"href":"https:\/\/brasseriedescarrieres.be\/en\/wp-json\/wp\/v2\/pages\/6166\/revisions"}],"predecessor-version":[{"id":6963,"href":"https:\/\/brasseriedescarrieres.be\/en\/wp-json\/wp\/v2\/pages\/6166\/revisions\/6963"}],"wp:attachment":[{"href":"https:\/\/brasseriedescarrieres.be\/en\/wp-json\/wp\/v2\/media?parent=6166"}],"curies":[{"name":"wp","href":"https:\/\/api.w.org\/{rel}","templated":true}]}}