{"id":10465,"date":"2023-12-20T16:41:17","date_gmt":"2023-12-20T15:41:17","guid":{"rendered":"https:\/\/brasseriedescarrieres.be\/?page_id=10465"},"modified":"2023-12-26T19:29:54","modified_gmt":"2023-12-26T18:29:54","slug":"concours-gagne","status":"publish","type":"page","link":"https:\/\/brasseriedescarrieres.be\/en\/concours-gagne\/","title":{"rendered":"Concours gagn\u00e9 &#8211; formulaire"},"content":{"rendered":"<div id=\"fws_69f58d529bcef\"  data-column-margin=\"default\" data-midnight=\"dark\"  class=\"wpb_row vc_row-fluid vc_row\"  style=\"padding-top: 0px; padding-bottom: 0px; \"><div class=\"row-bg-wrap\" data-bg-animation=\"none\" data-bg-overlay=\"false\"><div class=\"inner-wrap\"><div class=\"row-bg\"  style=\"\"><\/div><\/div><\/div><div class=\"row_col_wrap_12 col span_12 dark left\">\n\t<div  class=\"vc_col-sm-12 wpb_column column_container vc_column_container col no-extra-padding inherit_tablet inherit_phone\"  data-padding-pos=\"all\" data-has-bg-color=\"false\" data-bg-color=\"\" data-bg-opacity=\"1\" data-animation=\"\" data-delay=\"0\" >\n\t\t<div class=\"vc_column-inner\" >\n\t\t\t<div class=\"wpb_wrapper\">\n\t\t\t\t\r\n<div class=\"wpb_text_column wpb_content_element\" >\r\n\t<div class=\"wpb_wrapper\">\r\n\t\t<p style=\"text-align: center;\">Remplissez votre nom, pr\u00e9nom et adresse e-mail pour v\u00e9rifier si vous avez gagn\u00e9.<\/p>\n\t<\/div>\r\n<\/div>\r\n\r\n\r\n\r\n\n\t\t\t<\/div> \n\t\t<\/div>\n\t<\/div> \n<\/div><\/div>\r\n\t\t<div id=\"fws_69f58d529e555\"  data-column-margin=\"default\" data-midnight=\"dark\"  class=\"wpb_row vc_row-fluid vc_row\"  style=\"padding-top: 0px; padding-bottom: 0px; \"><div class=\"row-bg-wrap\" data-bg-animation=\"none\" data-bg-overlay=\"false\"><div class=\"inner-wrap\"><div class=\"row-bg\"  style=\"\"><\/div><\/div><\/div><div class=\"row_col_wrap_12 col span_12 dark left\">\n\t<div  class=\"vc_col-sm-12 wpb_column column_container vc_column_container col no-extra-padding inherit_tablet inherit_phone\"  data-padding-pos=\"all\" data-has-bg-color=\"false\" data-bg-color=\"\" data-bg-opacity=\"1\" data-animation=\"\" data-delay=\"0\" >\n\t\t<div class=\"vc_column-inner\" >\n\t\t\t<div class=\"wpb_wrapper\">\n\t\t\t\t\r\n<div class=\"wpb_text_column wpb_content_element\" >\r\n\t<div class=\"wpb_wrapper\">\r\n\t\t<div class=\"jet-fb-form-block\" data-is-block=\"jet-forms\/form-block\">\n<style id=\"jet-form-builder-10490-inline-css\"><\/style>\n<form  class=\"jet-form-builder layout-column submit-type-reload\" action=\"https:\/\/brasseriedescarrieres.be\/en\/wp-json\/wp\/v2\/pages\/10465\/?BZ0yMS=ECDCNBavhm&#038;method=reload\" method=\"POST\" data-form-id=\"10490\" data-layout=\"column\" enctype=\"multipart\/form-data\" data-clear=\"1\" novalidate=\"null\" ssr_validation_method=\"rest\" data-trp-original-action=\"https:\/\/brasseriedescarrieres.be\/en\/wp-json\/wp\/v2\/pages\/10465\/?BZ0yMS=ECDCNBavhm&amp;method=reload\">\n<input type=\"hidden\" name=\"_jfb_current_render_states&#091;&#093;\" value=\"DEFAULT.STATE\" data-jfb-sync \/><input type=\"hidden\" class=\"jet-form-builder__field hidden-field\" name=\"_jet_engine_booking_form_id\" data-field-name=\"_jet_engine_booking_form_id\" value=\"10490\"><br \/>\n<input type=\"hidden\" class=\"jet-form-builder__field hidden-field\" name=\"_jet_engine_refer\" data-field-name=\"_jet_engine_refer\" value=\"https:\/\/brasseriedescarrieres.be\/en\/wp-json\/wp\/v2\/pages\/10465\/\"><br \/>\n<input type=\"hidden\" class=\"jet-form-builder__field hidden-field\" name=\"__queried_post_id\" data-field-name=\"__queried_post_id\" value=\"10465\"><\/p>\n<p><input type=\"hidden\" class=\"jet-form-builder__field hidden-field\" name=\"post_id\" data-field-name=\"post_id\" data-jfb-sync=\"null\" value=\"10465\"><\/p>\n<div  class=\"jet-form-builder-row field-type-text-field\" >\n<div class=\"jet-form-builder__label\">\n<div class=\"jet-form-builder__label-text\">Pr\u00e9nom <span class=\"jet-form-builder__required\">*<\/span><\/div>\n<\/div>\n<div class=\"jet-form-builder__field-wrap\">\n\t\t\t\t<input required=\"required\" name=\"text_prenom\" id=\"text_prenom\" type=\"text\" data-field-name=\"text_prenom\" class=\"jet-form-builder__field text-field\" data-jfb-sync=\"null\" autocomplete=\"off_O6UiHoBm\">\n\t\t\t\t\t<\/div>\n<\/div>\n<div  class=\"jet-form-builder-row field-type-text-field\" >\n<div class=\"jet-form-builder__label\">\n<div class=\"jet-form-builder__label-text\">Nom <span class=\"jet-form-builder__required\">*<\/span><\/div>\n<\/div>\n<div class=\"jet-form-builder__field-wrap\">\n\t\t\t\t<input required=\"required\" name=\"text_nom\" id=\"text_nom\" type=\"text\" data-field-name=\"text_nom\" class=\"jet-form-builder__field text-field\" data-jfb-sync=\"null\" autocomplete=\"off_YX9VcIfy\">\n\t\t\t\t\t<\/div>\n<\/div>\n<p><input type=\"hidden\" class=\"jet-form-builder__field hidden-field\" name=\"resultat_concours\" data-field-name=\"resultat_concours\" data-jfb-sync=\"null\" value=\"Gagn\u00e9\"><\/p>\n<div  class=\"jet-form-builder-row field-type-text-field\" >\n<div class=\"jet-form-builder__label\">\n<div class=\"jet-form-builder__label-text\">E-mail <span class=\"jet-form-builder__required\">*<\/span><\/div>\n<\/div>\n<div class=\"jet-form-builder__field-wrap\">\n\t\t\t\t<input required=\"required\" name=\"text_mail_copy\" id=\"text_mail_copy\" type=\"email\" data-field-name=\"text_mail_copy\" class=\"jet-form-builder__field text-field\" data-jfb-sync=\"null\" autocomplete=\"off_TiQsuqo1\">\n\t\t\t\t\t<\/div>\n<\/div>\n<div  class=\"jet-form-builder-row field-type-checkbox-field\" >\n<div class=\"jet-form-builder__fields-group checkradio-wrap\" data-jfb-sync>\n<div class=\"jet-form-builder__field-wrap checkboxes-wrap checkradio-wrap\"><label class=\"jet-form-builder__field-label for-checkbox\"><br \/>\n\t\t\t<input type=\"checkbox\" name=\"field_name\" data-field-name=\"field_name\" checked=\"checked\"  class=\"jet-form-builder__field checkboxes-field checkradio-field\"><span>Je suis d&rsquo;accord avec les conditions g\u00e9n\u00e9rales<\/span><\/label><\/div>\n<\/div>\n<\/div>\n<p><input type=\"hidden\" class=\"captcha-token\" name=\"_captcha_token\" value=\"\"\/><\/p>\n<div  class=\"jet-form-builder-row field-type-submit-field\" >\n<div data-type=\"submit\" class=\"jet-form-builder__action-button-wrapper jet-form-builder__submit-wrap\">\n\t<button class=\"jet-form-builder__action-button jet-form-builder__submit submit-type-reload\" type=\"submit\">Envoyer<\/button>\n\t<\/div>\n<\/div>\n<div class=\"jet-form-builder-messages-wrap\" data-form-id=\"10490\"><\/div>\n<input type=\"hidden\" name=\"trp-form-language\" value=\"en\"\/><\/form>\n<\/div>\n\t<\/div>\r\n<\/div>\r\n\r\n\r\n\r\n\n\t\t\t<\/div> \n\t\t<\/div>\n\t<\/div> \n<\/div><\/div>","protected":false},"excerpt":{"rendered":"Remplissez votre nom, pr\u00e9nom et adresse e-mail pour v\u00e9rifier si vous avez gagn\u00e9.","protected":false},"author":1,"featured_media":0,"parent":0,"menu_order":0,"comment_status":"closed","ping_status":"closed","template":"","meta":{"footnotes":""},"class_list":["post-10465","page","type-page","status-publish"],"jetpack_sharing_enabled":true,"_links":{"self":[{"href":"https:\/\/brasseriedescarrieres.be\/en\/wp-json\/wp\/v2\/pages\/10465","targetHints":{"allow":["GET"]}}],"collection":[{"href":"https:\/\/brasseriedescarrieres.be\/en\/wp-json\/wp\/v2\/pages"}],"about":[{"href":"https:\/\/brasseriedescarrieres.be\/en\/wp-json\/wp\/v2\/types\/page"}],"author":[{"embeddable":true,"href":"https:\/\/brasseriedescarrieres.be\/en\/wp-json\/wp\/v2\/users\/1"}],"replies":[{"embeddable":true,"href":"https:\/\/brasseriedescarrieres.be\/en\/wp-json\/wp\/v2\/comments?post=10465"}],"version-history":[{"count":6,"href":"https:\/\/brasseriedescarrieres.be\/en\/wp-json\/wp\/v2\/pages\/10465\/revisions"}],"predecessor-version":[{"id":10532,"href":"https:\/\/brasseriedescarrieres.be\/en\/wp-json\/wp\/v2\/pages\/10465\/revisions\/10532"}],"wp:attachment":[{"href":"https:\/\/brasseriedescarrieres.be\/en\/wp-json\/wp\/v2\/media?parent=10465"}],"curies":[{"name":"wp","href":"https:\/\/api.w.org\/{rel}","templated":true}]}}